{"id":3495,"date":"2019-12-08T15:27:14","date_gmt":"2019-12-08T15:27:14","guid":{"rendered":"https:\/\/walcker-orgel-grossrudestedt.de\/?page_id=3495"},"modified":"2019-12-09T19:22:22","modified_gmt":"2019-12-09T19:22:22","slug":"3495-2","status":"publish","type":"page","link":"https:\/\/walcker-orgel-grossrudestedt.de\/?page_id=3495","title":{"rendered":"St. Albanus Kirche"},"content":{"rendered":"\n<style type=\"text\/css\" data-created_by=\"avia_inline_auto\" id=\"style-css-av-a96r7b-e1d61c85b9dd4ccdf4c79eed6cb16235\">\n.flex_column.av-a96r7b-e1d61c85b9dd4ccdf4c79eed6cb16235{\nborder-radius:0px 0px 0px 0px;\npadding:0px 0px 0px 0px;\n}\n<\/style>\n<div  class='flex_column av-a96r7b-e1d61c85b9dd4ccdf4c79eed6cb16235 av_two_fifth  avia-builder-el-0  el_before_av_one_half  avia-builder-el-first  first flex_column_div av-zero-column-padding  '     ><div  class='avia-slideshow av-k3yt2l8w-45668863cddfe56201f24a85d394d540 avia-slideshow-no scaling av_slideshow avia-fade-slider  avia-builder-el-1  avia-builder-el-no-sibling  av-slideshow-ui av-control-minimal av-slideshow-autoplay av-loop-endless av-loop-manual-endless av-default-height-applied avia-slideshow-1' data-slideshow-options=\"{&quot;animation&quot;:&quot;fade&quot;,&quot;autoplay&quot;:true,&quot;loop_autoplay&quot;:&quot;endless&quot;,&quot;interval&quot;:3,&quot;loop_manual&quot;:&quot;manual-endless&quot;,&quot;autoplay_stopper&quot;:false,&quot;noNavigation&quot;:false,&quot;bg_slider&quot;:false,&quot;keep_padding&quot;:false,&quot;hoverpause&quot;:false,&quot;show_slide_delay&quot;:0}\"  itemprop=\"image\" itemscope=\"itemscope\" itemtype=\"https:\/\/schema.org\/ImageObject\" ><ul class='avia-slideshow-inner ' style='padding-bottom: 124.88372093023%;'><li  class='avia-slideshow-slide av-k3yt2l8w-45668863cddfe56201f24a85d394d540__0  slide-1 slide-odd'><div data-rel='slideshow-1' class='avia-slide-wrap '   ><img decoding=\"async\" fetchpriority=\"high\" class=\"wp-image-3535 avia-img-lazy-loading-not-3535\"  src=\"https:\/\/walcker-orgel-grossrudestedt.de\/wp-content\/uploads\/2019\/12\/kirche5.jpg\" width=\"430\" height=\"537\" title='kirche5' alt=''  itemprop=\"thumbnailUrl\" srcset=\"https:\/\/walcker-orgel-grossrudestedt.de\/wp-content\/uploads\/2019\/12\/kirche5.jpg 430w, https:\/\/walcker-orgel-grossrudestedt.de\/wp-content\/uploads\/2019\/12\/kirche5-240x300.jpg 240w\" sizes=\"(max-width: 430px) 100vw, 430px\" \/><\/div><\/li><li  class='avia-slideshow-slide av-k3yt2l8w-45668863cddfe56201f24a85d394d540__1  slide-2 slide-even'><div data-rel='slideshow-1' class='avia-slide-wrap '   ><img decoding=\"async\" fetchpriority=\"high\" class=\"wp-image-3536 avia-img-lazy-loading-not-3536\"  src=\"https:\/\/walcker-orgel-grossrudestedt.de\/wp-content\/uploads\/2019\/12\/kirche4.jpg\" width=\"430\" height=\"532\" title='kirche4' alt=''  itemprop=\"thumbnailUrl\" srcset=\"https:\/\/walcker-orgel-grossrudestedt.de\/wp-content\/uploads\/2019\/12\/kirche4.jpg 430w, https:\/\/walcker-orgel-grossrudestedt.de\/wp-content\/uploads\/2019\/12\/kirche4-242x300.jpg 242w\" sizes=\"(max-width: 430px) 100vw, 430px\" \/><\/div><\/li><li  class='avia-slideshow-slide av-k3yt2l8w-45668863cddfe56201f24a85d394d540__2  slide-3 slide-odd'><div data-rel='slideshow-1' class='avia-slide-wrap '   ><img decoding=\"async\" fetchpriority=\"high\" class=\"wp-image-3537 avia-img-lazy-loading-not-3537\"  src=\"https:\/\/walcker-orgel-grossrudestedt.de\/wp-content\/uploads\/2019\/12\/kirche3.jpg\" width=\"430\" height=\"533\" title='kirche3' alt=''  itemprop=\"thumbnailUrl\" srcset=\"https:\/\/walcker-orgel-grossrudestedt.de\/wp-content\/uploads\/2019\/12\/kirche3.jpg 430w, https:\/\/walcker-orgel-grossrudestedt.de\/wp-content\/uploads\/2019\/12\/kirche3-242x300.jpg 242w\" sizes=\"(max-width: 430px) 100vw, 430px\" \/><\/div><\/li><li  class='avia-slideshow-slide av-k3yt2l8w-45668863cddfe56201f24a85d394d540__3  slide-4 slide-even'><div data-rel='slideshow-1' class='avia-slide-wrap '   ><img decoding=\"async\" fetchpriority=\"high\" class=\"wp-image-3538 avia-img-lazy-loading-not-3538\"  src=\"https:\/\/walcker-orgel-grossrudestedt.de\/wp-content\/uploads\/2019\/12\/kirche2.jpg\" width=\"430\" height=\"533\" title='kirche2' alt=''  itemprop=\"thumbnailUrl\" srcset=\"https:\/\/walcker-orgel-grossrudestedt.de\/wp-content\/uploads\/2019\/12\/kirche2.jpg 430w, https:\/\/walcker-orgel-grossrudestedt.de\/wp-content\/uploads\/2019\/12\/kirche2-242x300.jpg 242w\" sizes=\"(max-width: 430px) 100vw, 430px\" \/><\/div><\/li><li  class='avia-slideshow-slide av-k3yt2l8w-45668863cddfe56201f24a85d394d540__4  slide-5 slide-odd'><div data-rel='slideshow-1' class='avia-slide-wrap '   ><img decoding=\"async\" fetchpriority=\"high\" class=\"wp-image-3539 avia-img-lazy-loading-not-3539\"  src=\"https:\/\/walcker-orgel-grossrudestedt.de\/wp-content\/uploads\/2019\/12\/kirche1.jpg\" width=\"430\" height=\"533\" title='kirche1' alt=''  itemprop=\"thumbnailUrl\" srcset=\"https:\/\/walcker-orgel-grossrudestedt.de\/wp-content\/uploads\/2019\/12\/kirche1.jpg 430w, https:\/\/walcker-orgel-grossrudestedt.de\/wp-content\/uploads\/2019\/12\/kirche1-242x300.jpg 242w\" sizes=\"(max-width: 430px) 100vw, 430px\" \/><\/div><\/li><\/ul><div class='avia-slideshow-arrows avia-slideshow-controls' ><a href='#prev' class='prev-slide  avia-svg-icon avia-font-svg_entypo-fontello' data-av_svg_icon='left-open-big' data-av_iconset='svg_entypo-fontello' tabindex='-1' title=\"Zur\u00fcck\"><svg version=\"1.1\" xmlns=\"http:\/\/www.w3.org\/2000\/svg\" width=\"15\" height=\"32\" viewBox=\"0 0 15 32\" preserveAspectRatio=\"xMidYMid meet\" aria-labelledby='av-svg-title-1' aria-describedby='av-svg-desc-1' role=\"graphics-symbol\" aria-hidden=\"true\">\n<title id='av-svg-title-1'>Zur\u00fcck<\/title>\n<desc id='av-svg-desc-1'>Zur\u00fcck<\/desc>\n<path d=\"M14.464 27.84q0.832 0.832 0 1.536-0.832 0.832-1.536 0l-12.544-12.608q-0.768-0.768 0-1.6l12.544-12.608q0.704-0.832 1.536 0 0.832 0.704 0 1.536l-11.456 11.904z\"><\/path>\n<\/svg><span class='avia_hidden_link_text'>Zur\u00fcck<\/span><\/a><a href='#next' class='next-slide  avia-svg-icon avia-font-svg_entypo-fontello' data-av_svg_icon='right-open-big' data-av_iconset='svg_entypo-fontello' tabindex='-1' title=\"Weiter\"><svg version=\"1.1\" xmlns=\"http:\/\/www.w3.org\/2000\/svg\" width=\"15\" height=\"32\" viewBox=\"0 0 15 32\" preserveAspectRatio=\"xMidYMid meet\" aria-labelledby='av-svg-title-2' aria-describedby='av-svg-desc-2' role=\"graphics-symbol\" aria-hidden=\"true\">\n<title id='av-svg-title-2'>Weiter<\/title>\n<desc id='av-svg-desc-2'>Weiter<\/desc>\n<path d=\"M0.416 27.84l11.456-11.84-11.456-11.904q-0.832-0.832 0-1.536 0.832-0.832 1.536 0l12.544 12.608q0.768 0.832 0 1.6l-12.544 12.608q-0.704 0.832-1.536 0-0.832-0.704 0-1.536z\"><\/path>\n<\/svg><span class='avia_hidden_link_text'>Weiter<\/span><\/a><\/div><div class='avia-slideshow-dots avia-slideshow-controls'><a href='#1' class='goto-slide active' >1<\/a><a href='#2' class='goto-slide ' >2<\/a><a href='#3' class='goto-slide ' >3<\/a><a href='#4' class='goto-slide ' >4<\/a><a href='#5' class='goto-slide ' >5<\/a><\/div><\/div><\/div>\n\n<style type=\"text\/css\" data-created_by=\"avia_inline_auto\" id=\"style-css-av-2ai3zr-31a002f39b191d3df94505a3362bbb47\">\n.flex_column.av-2ai3zr-31a002f39b191d3df94505a3362bbb47{\nborder-radius:0px 0px 0px 0px;\npadding:0px 0px 0px 0px;\n}\n<\/style>\n<div  class='flex_column av-2ai3zr-31a002f39b191d3df94505a3362bbb47 av_one_half  avia-builder-el-2  el_after_av_two_fifth  avia-builder-el-last  flex_column_div av-zero-column-padding  '     ><section  class='av_textblock_section av-k3x5tu6h-bd0fb9321e7ca7d7fb19df30e6271109 '   itemscope=\"itemscope\" itemtype=\"https:\/\/schema.org\/CreativeWork\" ><div class='avia_textblock'  itemprop=\"text\" ><p>Inmitten des Ortes befindet sich sehr sch\u00f6n gelegen die Dorfkirche.\u00a0 Ihren Namen hat die Kirche nach dem britischen M\u00e4rtyrer Alban von Verullam. Erbaut im Jahre 1724 mit hohen Sichtbogenfenster, zwei Emporen, an der Nordseite eine Kanzel.\u00a0 Bereits 1993\/94 wurde die Turmhaube erneuert, die einen eckigen Spitzhelm besitzt.<\/p>\n<p>Das Kirchenschiff besitzt einen kreuzf\u00f6rmigen Grundriss. Hohe Sichtbogenfenster, zwei Emporen, an der Nordseite eine Kanzel . Im Kirchenschiff befindet sich ein historischer Fl\u00fcgelaltar aus dem Jahr 1487. Die Bildschnitzkunst ist im Mittelschrein mit der Marienkr\u00f6nung dargeboten. Im Seitenfl\u00fcgel befinden sich Apostelfiguren, Diakone und weibliche Heilige, unter dem Schnitzaltar Baldachine.<\/p>\n<p>In den letzten Jahren fanden weite Sanierungsma\u00dfnahmen statt. Wie zum Beispiele die teilweise Erneuerung der Fassade.<\/p>\n<\/div><\/section><\/div>\n","protected":false},"excerpt":{"rendered":"","protected":false},"author":1,"featured_media":0,"parent":0,"menu_order":0,"comment_status":"closed","ping_status":"closed","template":"","meta":{"footnotes":""},"class_list":["post-3495","page","type-page","status-publish","hentry"],"_links":{"self":[{"href":"https:\/\/walcker-orgel-grossrudestedt.de\/index.php?rest_route=\/wp\/v2\/pages\/3495","targetHints":{"allow":["GET"]}}],"collection":[{"href":"https:\/\/walcker-orgel-grossrudestedt.de\/index.php?rest_route=\/wp\/v2\/pages"}],"about":[{"href":"https:\/\/walcker-orgel-grossrudestedt.de\/index.php?rest_route=\/wp\/v2\/types\/page"}],"author":[{"embeddable":true,"href":"https:\/\/walcker-orgel-grossrudestedt.de\/index.php?rest_route=\/wp\/v2\/users\/1"}],"replies":[{"embeddable":true,"href":"https:\/\/walcker-orgel-grossrudestedt.de\/index.php?rest_route=%2Fwp%2Fv2%2Fcomments&post=3495"}],"version-history":[{"count":7,"href":"https:\/\/walcker-orgel-grossrudestedt.de\/index.php?rest_route=\/wp\/v2\/pages\/3495\/revisions"}],"predecessor-version":[{"id":3543,"href":"https:\/\/walcker-orgel-grossrudestedt.de\/index.php?rest_route=\/wp\/v2\/pages\/3495\/revisions\/3543"}],"wp:attachment":[{"href":"https:\/\/walcker-orgel-grossrudestedt.de\/index.php?rest_route=%2Fwp%2Fv2%2Fmedia&parent=3495"}],"curies":[{"name":"wp","href":"https:\/\/api.w.org\/{rel}","templated":true}]}}