{"id":3726,"date":"2020-09-24T09:49:24","date_gmt":"2020-09-24T09:49:24","guid":{"rendered":"https:\/\/walcker-orgel-grossrudestedt.de\/?page_id=3726"},"modified":"2020-09-24T09:51:44","modified_gmt":"2020-09-24T09:51:44","slug":"hoer-mal-im-denkmal-september-2020-in-st-albanus-grossrudestedt","status":"publish","type":"page","link":"https:\/\/walcker-orgel-grossrudestedt.de\/?page_id=3726","title":{"rendered":"\u201eh\u00f6r-mal im Denkmal September 2020\u201c  in St. Albanus Gro\u00dfrudestedt"},"content":{"rendered":"<div id='full_slider_1'  class='avia-fullwidth-slider main_color avia-shadow   avia-builder-el-0  el_before_av_two_fifth  avia-builder-el-first   container_wrap sidebar_right'  ><div  class='avia-slideshow av-kfgmwu1q-7d3757fe36c4787eade267c7e5b0e25b avia-slideshow-featured av_slideshow_full avia-fade-slider av-slideshow-ui av-control-default av-slideshow-autoplay av-loop-endless av-loop-manual-endless av-default-height-applied   avia-slideshow-1' data-slideshow-options=\"{&quot;animation&quot;:&quot;fade&quot;,&quot;autoplay&quot;:true,&quot;loop_autoplay&quot;:&quot;endless&quot;,&quot;interval&quot;:3,&quot;loop_manual&quot;:&quot;manual-endless&quot;,&quot;autoplay_stopper&quot;:false,&quot;noNavigation&quot;:false,&quot;bg_slider&quot;:false,&quot;keep_padding&quot;:false,&quot;hoverpause&quot;:false,&quot;show_slide_delay&quot;:0}\"  itemprop=\"image\" itemscope=\"itemscope\" itemtype=\"https:\/\/schema.org\/ImageObject\" ><ul class='avia-slideshow-inner ' style='padding-bottom: 28.666666666667%;'><li  class='avia-slideshow-slide av-kfgmwu1q-7d3757fe36c4787eade267c7e5b0e25b__0  slide-1 slide-odd'><div data-rel='slideshow-1' class='avia-slide-wrap '   ><img decoding=\"async\" fetchpriority=\"high\" class=\"wp-image-3728 avia-img-lazy-loading-not-3728\"  src=\"https:\/\/walcker-orgel-grossrudestedt.de\/wp-content\/uploads\/2020\/09\/denkmal2020-2-1500x430.jpg\" width=\"1500\" height=\"430\" title='denkmal2020 (2)' alt=''  itemprop=\"thumbnailUrl\"   \/><\/div><\/li><li  class='avia-slideshow-slide av-kfgmwu1q-7d3757fe36c4787eade267c7e5b0e25b__1  slide-2 slide-even'><div data-rel='slideshow-1' class='avia-slide-wrap '   ><img decoding=\"async\" fetchpriority=\"high\" class=\"wp-image-3729 avia-img-lazy-loading-not-3729\"  src=\"https:\/\/walcker-orgel-grossrudestedt.de\/wp-content\/uploads\/2020\/09\/denkmal2020-3-1500x430.jpg\" width=\"1500\" height=\"430\" title='denkmal2020 (3)' alt=''  itemprop=\"thumbnailUrl\"   \/><\/div><\/li><li  class='avia-slideshow-slide av-kfgmwu1q-7d3757fe36c4787eade267c7e5b0e25b__2  slide-3 slide-odd'><div data-rel='slideshow-1' class='avia-slide-wrap '   ><img decoding=\"async\" fetchpriority=\"high\" class=\"wp-image-3730 avia-img-lazy-loading-not-3730\"  src=\"https:\/\/walcker-orgel-grossrudestedt.de\/wp-content\/uploads\/2020\/09\/denkmal2020-4-1500x430.jpg\" width=\"1500\" height=\"430\" title='denkmal2020 (4)' alt=''  itemprop=\"thumbnailUrl\"   \/><\/div><\/li><li  class='avia-slideshow-slide av-kfgmwu1q-7d3757fe36c4787eade267c7e5b0e25b__3  slide-4 slide-even'><div data-rel='slideshow-1' class='avia-slide-wrap '   ><img decoding=\"async\" fetchpriority=\"high\" class=\"wp-image-3731 avia-img-lazy-loading-not-3731\"  src=\"https:\/\/walcker-orgel-grossrudestedt.de\/wp-content\/uploads\/2020\/09\/denkmal2020-5-1500x430.jpg\" width=\"1500\" height=\"430\" title='denkmal2020 (5)' alt=''  itemprop=\"thumbnailUrl\"   \/><\/div><\/li><\/ul><div class='avia-slideshow-arrows avia-slideshow-controls' ><a href='#prev' class='prev-slide  avia-svg-icon avia-font-svg_entypo-fontello' data-av_svg_icon='left-open-big' data-av_iconset='svg_entypo-fontello' tabindex='-1' title=\"Zur\u00fcck\"><svg version=\"1.1\" xmlns=\"http:\/\/www.w3.org\/2000\/svg\" width=\"15\" height=\"32\" viewBox=\"0 0 15 32\" preserveAspectRatio=\"xMidYMid meet\" aria-labelledby='av-svg-title-1' aria-describedby='av-svg-desc-1' role=\"graphics-symbol\" aria-hidden=\"true\">\n<title id='av-svg-title-1'>Zur\u00fcck<\/title>\n<desc id='av-svg-desc-1'>Zur\u00fcck<\/desc>\n<path d=\"M14.464 27.84q0.832 0.832 0 1.536-0.832 0.832-1.536 0l-12.544-12.608q-0.768-0.768 0-1.6l12.544-12.608q0.704-0.832 1.536 0 0.832 0.704 0 1.536l-11.456 11.904z\"><\/path>\n<\/svg><span class='avia_hidden_link_text'>Zur\u00fcck<\/span><\/a><a href='#next' class='next-slide  avia-svg-icon avia-font-svg_entypo-fontello' data-av_svg_icon='right-open-big' data-av_iconset='svg_entypo-fontello' tabindex='-1' title=\"Weiter\"><svg version=\"1.1\" xmlns=\"http:\/\/www.w3.org\/2000\/svg\" width=\"15\" height=\"32\" viewBox=\"0 0 15 32\" preserveAspectRatio=\"xMidYMid meet\" aria-labelledby='av-svg-title-2' aria-describedby='av-svg-desc-2' role=\"graphics-symbol\" aria-hidden=\"true\">\n<title id='av-svg-title-2'>Weiter<\/title>\n<desc id='av-svg-desc-2'>Weiter<\/desc>\n<path d=\"M0.416 27.84l11.456-11.84-11.456-11.904q-0.832-0.832 0-1.536 0.832-0.832 1.536 0l12.544 12.608q0.768 0.832 0 1.6l-12.544 12.608q-0.704 0.832-1.536 0-0.832-0.704 0-1.536z\"><\/path>\n<\/svg><span class='avia_hidden_link_text'>Weiter<\/span><\/a><\/div><div class='avia-slideshow-dots avia-slideshow-controls'><a href='#1' class='goto-slide active' >1<\/a><a href='#2' class='goto-slide ' >2<\/a><a href='#3' class='goto-slide ' >3<\/a><a href='#4' class='goto-slide ' >4<\/a><\/div><\/div><\/div><div id='after_full_slider_1'  class='main_color av_default_container_wrap container_wrap sidebar_right'  ><div class='container av-section-cont-open' ><div class='template-page content  av-content-small alpha units'><div class='post-entry post-entry-type-page post-entry-3726'><div class='entry-content-wrapper clearfix'>\n\n<style type=\"text\/css\" data-created_by=\"avia_inline_auto\" id=\"style-css-av-41gpe6-4cf2eafa1912e32914736e73d670267b\">\n.flex_column.av-41gpe6-4cf2eafa1912e32914736e73d670267b{\nborder-radius:0px 0px 0px 0px;\npadding:0px 0px 0px 0px;\n}\n<\/style>\n<div  class='flex_column av-41gpe6-4cf2eafa1912e32914736e73d670267b av_two_fifth  avia-builder-el-1  el_after_av_slideshow_full  el_before_av_three_fifth  avia-builder-el-first  first flex_column_div av-zero-column-padding  '     ><style type=\"text\/css\" data-created_by=\"avia_inline_auto\" id=\"style-css-av-kfgmy17y-ba8548eaa40418c6901fae131d5cc5bc\">\n.avia-image-container.av-kfgmy17y-ba8548eaa40418c6901fae131d5cc5bc img.avia_image{\nbox-shadow:none;\n}\n.avia-image-container.av-kfgmy17y-ba8548eaa40418c6901fae131d5cc5bc .av-image-caption-overlay-center{\ncolor:#ffffff;\n}\n<\/style>\n<div  class='avia-image-container av-kfgmy17y-ba8548eaa40418c6901fae131d5cc5bc av-styling- avia-align-center  avia-builder-el-2  avia-builder-el-no-sibling '   itemprop=\"image\" itemscope=\"itemscope\" itemtype=\"https:\/\/schema.org\/ImageObject\" ><div class=\"avia-image-container-inner\"><div class=\"avia-image-overlay-wrap\"><img decoding=\"async\" fetchpriority=\"high\" class='wp-image-3708 avia-img-lazy-loading-not-3708 avia_image ' src=\"https:\/\/walcker-orgel-grossrudestedt.de\/wp-content\/uploads\/2020\/08\/Plakat-Grossrudestedt-212x300.jpg\" alt='' title='Plakat Grossrudestedt'  height=\"300\" width=\"212\"  itemprop=\"thumbnailUrl\" srcset=\"https:\/\/walcker-orgel-grossrudestedt.de\/wp-content\/uploads\/2020\/08\/Plakat-Grossrudestedt-212x300.jpg 212w, https:\/\/walcker-orgel-grossrudestedt.de\/wp-content\/uploads\/2020\/08\/Plakat-Grossrudestedt-728x1030.jpg 728w, https:\/\/walcker-orgel-grossrudestedt.de\/wp-content\/uploads\/2020\/08\/Plakat-Grossrudestedt-768x1086.jpg 768w, https:\/\/walcker-orgel-grossrudestedt.de\/wp-content\/uploads\/2020\/08\/Plakat-Grossrudestedt-1086x1536.jpg 1086w, https:\/\/walcker-orgel-grossrudestedt.de\/wp-content\/uploads\/2020\/08\/Plakat-Grossrudestedt-1448x2048.jpg 1448w, https:\/\/walcker-orgel-grossrudestedt.de\/wp-content\/uploads\/2020\/08\/Plakat-Grossrudestedt-1060x1500.jpg 1060w, https:\/\/walcker-orgel-grossrudestedt.de\/wp-content\/uploads\/2020\/08\/Plakat-Grossrudestedt-498x705.jpg 498w, https:\/\/walcker-orgel-grossrudestedt.de\/wp-content\/uploads\/2020\/08\/Plakat-Grossrudestedt-scaled.jpg 1810w\" sizes=\"(max-width: 212px) 100vw, 212px\" \/><\/div><\/div><\/div><\/div>\n\n<style type=\"text\/css\" data-created_by=\"avia_inline_auto\" id=\"style-css-av-2rsbv2-676c699bec33b6df7fe024224a6fffea\">\n.flex_column.av-2rsbv2-676c699bec33b6df7fe024224a6fffea{\nborder-radius:0px 0px 0px 0px;\npadding:0px 0px 0px 0px;\n}\n<\/style>\n<div  class='flex_column av-2rsbv2-676c699bec33b6df7fe024224a6fffea av_three_fifth  avia-builder-el-3  el_after_av_two_fifth  avia-builder-el-last  flex_column_div av-zero-column-padding  '     ><p>\n<style type=\"text\/css\" data-created_by=\"avia_inline_auto\" id=\"style-css-av-kfgmz44f-16555a959cbc201ecb0de4d54815da4e\">\n#top .av-special-heading.av-kfgmz44f-16555a959cbc201ecb0de4d54815da4e{\npadding-bottom:10px;\n}\nbody .av-special-heading.av-kfgmz44f-16555a959cbc201ecb0de4d54815da4e .av-special-heading-tag .heading-char{\nfont-size:25px;\n}\n.av-special-heading.av-kfgmz44f-16555a959cbc201ecb0de4d54815da4e .av-subheading{\nfont-size:15px;\n}\n<\/style>\n<div  class='av-special-heading av-kfgmz44f-16555a959cbc201ecb0de4d54815da4e av-special-heading-h3  avia-builder-el-4  el_before_av_textblock  avia-builder-el-first '><h3 class='av-special-heading-tag '  itemprop=\"headline\"  ><span class='special_amp'>\u201e<\/span>h\u00f6r-mal im Denkmal 2020<span class='special_amp'>\u201c<\/span>  in St. Albanus Gro\u00dfrudestedt<\/h3><div class=\"special-heading-border\"><div class=\"special-heading-inner-border\"><\/div><\/div><\/div><br \/>\n<section  class='av_textblock_section av-kfgmyi8y-daad94ecb93691e7bad3439abb8acfd8 '   itemscope=\"itemscope\" itemtype=\"https:\/\/schema.org\/CreativeWork\" ><div class='avia_textblock'  itemprop=\"text\" ><p><strong>\u201eh\u00f6r-mal im Denkmal 2020\u201c\u00a0 in St. Albanus Gro\u00dfrudestedt<\/strong><\/p>\n<p><strong>\u00a0<\/strong>Mit einer gro\u00dfartigen Kleinkunstveranstaltung hat die Sparkassenstiftung S\u00f6mmerda gemeinsam mit dem \u201eF\u00f6rderkreis Walcker Orgel in Gro\u00dfrudestedt\u201c e. V. einen tollen Beitrag zum diesj\u00e4hrigen \u201eTag des offenen Denkmals\u201c geleistet.<\/p>\n<p>\u00dcber 70 G\u00e4ste erlebten mit der Gruppe \u201eVocal Recall\u201c musikalisches Kabarett vom Feinsten. Im atemberaubenden Tempo wurde in den Texten alles verarbeitet, was die Menschen bewegt und musikalisch in bekannten Melodien gekonnt verpackt.<\/p>\n<p>Bemerkenswert war insbesondere das hohe s\u00e4ngerische Niveau, auf dem \u201eVocal Recall\u201c zu erleben war. Alice K\u00f6fer, Dieter Behrens, Marco A. Billep mit Gesang und Texten und Matthias Bersing am Klavier konnten das Publikum begeistern! Die Zuh\u00f6rer waren teilweise nicht mehr auf den Kirchenb\u00e4nken zu halten, sie sangen und tanzten mit! Alles in allem viel Fr\u00f6hlichkeit, die gut in die Kirche hineinpasste.<\/p>\n<p>Nach der Show wurde die Kirche mit farbigem Licht angestrahlt und bei einem Glas vom feinen Orgelwein Begegnung im Freien erm\u00f6glicht. Dabei stellte sich heraus, dass es f\u00fcr die K\u00fcnstler der allererste Auftritt seit der Corona-Pandemie gewesen ist. \u201eDiesen Auftritt werden wir wohl nie vergessen, wir sind gl\u00fccklich, dass wir wieder spielen d\u00fcrfen\u201c, so das Fazit der musikalischen Kabarettisten.<\/p>\n<ol>\n<li>d. R.<\/li>\n<\/ol>\n<p>Johanna Arenh\u00f6vel<\/p>\n<\/div><\/section><\/p><\/div>\n","protected":false},"excerpt":{"rendered":"","protected":false},"author":1,"featured_media":0,"parent":0,"menu_order":0,"comment_status":"closed","ping_status":"closed","template":"","meta":{"footnotes":""},"class_list":["post-3726","page","type-page","status-publish","hentry"],"_links":{"self":[{"href":"https:\/\/walcker-orgel-grossrudestedt.de\/index.php?rest_route=\/wp\/v2\/pages\/3726","targetHints":{"allow":["GET"]}}],"collection":[{"href":"https:\/\/walcker-orgel-grossrudestedt.de\/index.php?rest_route=\/wp\/v2\/pages"}],"about":[{"href":"https:\/\/walcker-orgel-grossrudestedt.de\/index.php?rest_route=\/wp\/v2\/types\/page"}],"author":[{"embeddable":true,"href":"https:\/\/walcker-orgel-grossrudestedt.de\/index.php?rest_route=\/wp\/v2\/users\/1"}],"replies":[{"embeddable":true,"href":"https:\/\/walcker-orgel-grossrudestedt.de\/index.php?rest_route=%2Fwp%2Fv2%2Fcomments&post=3726"}],"version-history":[{"count":4,"href":"https:\/\/walcker-orgel-grossrudestedt.de\/index.php?rest_route=\/wp\/v2\/pages\/3726\/revisions"}],"predecessor-version":[{"id":3736,"href":"https:\/\/walcker-orgel-grossrudestedt.de\/index.php?rest_route=\/wp\/v2\/pages\/3726\/revisions\/3736"}],"wp:attachment":[{"href":"https:\/\/walcker-orgel-grossrudestedt.de\/index.php?rest_route=%2Fwp%2Fv2%2Fmedia&parent=3726"}],"curies":[{"name":"wp","href":"https:\/\/api.w.org\/{rel}","templated":true}]}}